{"id":2523,"date":"2024-07-19T14:00:30","date_gmt":"2024-07-19T20:00:30","guid":{"rendered":"https:\/\/saperaude.com\/?page_id=2523"},"modified":"2024-08-09T13:46:11","modified_gmt":"2024-08-09T19:46:11","slug":"aviso-privacidad","status":"publish","type":"page","link":"https:\/\/saperaude.com\/es\/aviso-privacidad\/","title":{"rendered":"Aviso de Privacidad"},"content":{"rendered":"<div class=\"fusion-fullwidth fullwidth-box fusion-builder-row-1 fusion-flex-container has-pattern-background has-mask-background nonhundred-percent-fullwidth non-hundred-percent-height-scrolling\" style=\"--awb-border-radius-top-left:0px;--awb-border-radius-top-right:0px;--awb-border-radius-bottom-right:0px;--awb-border-radius-bottom-left:0px;--awb-flex-wrap:wrap;\" ><div class=\"fusion-builder-row fusion-row fusion-flex-align-items-flex-start fusion-flex-justify-content-center fusion-flex-content-wrap\" style=\"max-width:1310.4px;margin-left: calc(-4% \/ 2 );margin-right: calc(-4% \/ 2 );\"><div class=\"fusion-layout-column fusion_builder_column fusion-builder-column-0 fusion_builder_column_3_4 3_4 fusion-flex-column\" style=\"--awb-bg-size:cover;--awb-width-large:75%;--awb-order-large:0;--awb-margin-top-large:20px;--awb-spacing-right-large:2.56%;--awb-margin-bottom-large:20px;--awb-spacing-left-large:2.56%;--awb-width-medium:75%;--awb-order-medium:0;--awb-spacing-right-medium:2.56%;--awb-spacing-left-medium:2.56%;--awb-width-small:100%;--awb-order-small:0;--awb-spacing-right-small:1.92%;--awb-spacing-left-small:1.92%;\"><div class=\"fusion-column-wrapper fusion-column-has-shadow fusion-flex-justify-content-flex-start fusion-content-layout-column\"><div class=\"fusion-title title fusion-title-1 fusion-sep-none fusion-title-text fusion-title-size-one\" style=\"--awb-margin-top-small:10px;--awb-margin-right-small:0px;--awb-margin-bottom-small:20px;--awb-margin-left-small:0px;\"><h1 class=\"fusion-title-heading title-heading-left fusion-responsive-typography-calculated\" style=\"margin:0;--fontSize:60;line-height:var(--awb-typography1-line-height);\">Aviso de Privacidad<\/h1><\/div><div class=\"fusion-text fusion-text-1\"><p><span style=\"font-weight: 400;\">En cumplimiento a lo dispuesto en la Ley Federal de Protecci\u00f3n de Datos Personales en Posesi\u00f3n de los Particulares, ponemos a su disposici\u00f3n el presente Aviso de Privacidad en los siguientes t\u00e9rminos:<\/span><\/p>\n<p><b>Responsable de la protecci\u00f3n de Datos Personales<\/b><\/p>\n<p><span style=\"font-weight: 400;\">Sapere Asesores, S.C. con domicilio ubicado en Flex Offices Centtral Interlomas, Palmas Hills 1, Hacienda de las Palmas, Huixquilucan, Estado de M\u00e9xico 52787.<\/span><\/p>\n<p><span style=\"font-weight: 400;\">El \u00e1rea encargada del manejo de datos personales es Sapere Asesores, S.C. la cual puede ser contactada en el domicilio antes citado.<\/span><\/p>\n<p><b>Datos Personales recabados y finalidades del tratamiento<\/b><\/p>\n<p><span style=\"font-weight: 400;\">A efecto de proporcionar los servicios administrativos, contables, econ\u00f3micos, legales y fiscales, en las mejores condiciones de seguridad, excelencia y calidad, Sapere Asesores, S.C. utilizar\u00e1 los datos personales que recaba en la selecci\u00f3n de personal en el an\u00e1lisis de propuestas de servicios, y en el cumplimiento de sus obligaciones para los fines que a continuaci\u00f3n se indican:<\/span><\/p>\n<p><span style=\"font-weight: 400;\">a) Nombre<\/span><\/p>\n<ul>\n<li style=\"font-weight: 400;\" aria-level=\"1\"><span style=\"font-weight: 400;\">Captura en la base de datos de Sapere Asesores, S.C., la cual cuenta con las medidas de seguridad administrativas, f\u00edsicas y t\u00e9cnicas para el resguardo y protecci\u00f3n de la informaci\u00f3n personal.<\/span><\/li>\n<li style=\"font-weight: 400;\" aria-level=\"1\"><span style=\"font-weight: 400;\">Comunicaci\u00f3n personalizada.<\/span><\/li>\n<li style=\"font-weight: 400;\" aria-level=\"1\"><span style=\"font-weight: 400;\">Datos estad\u00edsticos.<\/span><\/li>\n<\/ul>\n<p><span style=\"font-weight: 400;\">b) Domicilio<\/span><\/p>\n<ul>\n<li style=\"font-weight: 400;\" aria-level=\"1\"><span style=\"font-weight: 400;\">Captura en la base de datos de Sapere Asesores, S.C.<\/span><\/li>\n<li style=\"font-weight: 400;\" aria-level=\"1\"><span style=\"font-weight: 400;\">Medio de comunicaci\u00f3n a trav\u00e9s de mensajer\u00eda.<\/span><\/li>\n<li style=\"font-weight: 400;\" aria-level=\"1\"><span style=\"font-weight: 400;\">Datos estad\u00edsticos.<\/span><\/li>\n<\/ul>\n<p><span style=\"font-weight: 400;\">c) Tel\u00e9fono de casa, oficina y celular<\/span><\/p>\n<ul>\n<li style=\"font-weight: 400;\" aria-level=\"1\"><span style=\"font-weight: 400;\">Captura en la base de datos de Sapere Asesores, S.C.<\/span><\/li>\n<li style=\"font-weight: 400;\" aria-level=\"1\"><span style=\"font-weight: 400;\">Medio de comunicaci\u00f3n.<\/span><\/li>\n<\/ul>\n<p><span style=\"font-weight: 400;\">d) Correo electr\u00f3nico<\/span><\/p>\n<ul>\n<li style=\"font-weight: 400;\" aria-level=\"1\"><span style=\"font-weight: 400;\">Captura en la base de datos de Sapere Asesores, S.C.<\/span><\/li>\n<li style=\"font-weight: 400;\" aria-level=\"1\"><span style=\"font-weight: 400;\">Medio de comunicaci\u00f3n.<\/span><\/li>\n<\/ul>\n<p><span style=\"font-weight: 400;\">e) Nacionalidad<\/span><\/p>\n<ul>\n<li style=\"font-weight: 400;\" aria-level=\"1\"><span style=\"font-weight: 400;\">Captura en la base de datos de Sapere Asesores, S.C.<\/span><\/li>\n<li style=\"font-weight: 400;\" aria-level=\"1\"><span style=\"font-weight: 400;\">Identificaci\u00f3n del contratante y\/o su representada.<\/span><\/li>\n<li style=\"font-weight: 400;\" aria-level=\"1\"><span style=\"font-weight: 400;\">Datos estad\u00edsticos.<\/span><\/li>\n<\/ul>\n<p><span style=\"font-weight: 400;\">f) Credencial de elector<\/span><\/p>\n<ul>\n<li style=\"font-weight: 400;\" aria-level=\"1\"><span style=\"font-weight: 400;\">Captura en la base de datos de Sapere Asesores, S.C.<\/span><\/li>\n<li style=\"font-weight: 400;\" aria-level=\"1\"><span style=\"font-weight: 400;\">Identificaci\u00f3n del contratante y\/o su representada.<\/span><\/li>\n<\/ul>\n<p><span style=\"font-weight: 400;\">g) Registro Federal de Contribuyentes<\/span><\/p>\n<ul>\n<li style=\"font-weight: 400;\" aria-level=\"1\"><span style=\"font-weight: 400;\">Captura en la base de datos de Sapere Asesores, S.C.<\/span><\/li>\n<li style=\"font-weight: 400;\" aria-level=\"1\"><span style=\"font-weight: 400;\">Facturaci\u00f3n de servicios.<\/span><\/li>\n<li style=\"font-weight: 400;\" aria-level=\"1\"><span style=\"font-weight: 400;\">Prestaci\u00f3n de servicios subordinados o independientes a Sapere Asesores, S.C.<\/span><\/li>\n<\/ul>\n<p><span style=\"font-weight: 400;\">h) Constancia de Situaci\u00f3n Fiscal<\/span><\/p>\n<ul>\n<li style=\"font-weight: 400;\" aria-level=\"1\"><span style=\"font-weight: 400;\">Captura en la base de datos de Sapere Asesores, S.C.<\/span><\/li>\n<li style=\"font-weight: 400;\" aria-level=\"1\"><span style=\"font-weight: 400;\">Facturaci\u00f3n de servicios.<\/span><\/li>\n<li style=\"font-weight: 400;\" aria-level=\"1\"><span style=\"font-weight: 400;\">Prestaci\u00f3n de servicios subordinados o independientes a Sapere Asesores, S.C.<\/span><\/li>\n<\/ul>\n<p><span style=\"font-weight: 400;\">Los datos anteriormente mencionados nos son entregados por usted de manera personal, libre y voluntaria cuando usted contacta con nosotros para solicitar alg\u00fan servicio o bien para brindarnos alg\u00fan servicio personal subordinado o bien para brindarnos servicios independientes.<\/span><\/p>\n<p><span style=\"font-weight: 400;\">Hacemos de su conocimiento que en caso de que usted nos remita, por as\u00ed convenir a sus intereses, datos personales sensibles, como aquellos que refieren a: condici\u00f3n f\u00edsica, estado de salud, discapacidad, fotograf\u00edas y documentos m\u00e9dicos, en este acto usted autoriza a Sapere Asesores, S.C. a que los mismos sean utilizados para cumplir con las finalidades detalladas en el presente Aviso de Privacidad.<\/span><\/p>\n<p><span style=\"font-weight: 400;\">La finalidad del manejo de datos personales en la base de datos de Sapere Asesores, S.C. es garantizar su protecci\u00f3n y, en caso de que se requiera, transmitirlos a las a\u00e9reas p\u00fablicas y\/o privadas, a hospitales, cl\u00ednicas y profesionales de la salud, brokers, agentes, intermediarios o corredores de seguros, agencias de seguros.<\/span><\/p>\n<p><span style=\"font-weight: 400;\">Sus datos personales sensibles ser\u00e1n tratados con las m\u00e1s estrictas medidas de seguridad para garantizar su confidencialidad, de acuerdo con la ley. En caso de que tenga alguna duda, le agradeceremos solicite aclaraci\u00f3n con nuestro personal.<\/span><\/p>\n<p><span style=\"font-weight: 400;\">Como titular de los datos personales, usted es el responsable de garantizar la veracidad y completitud de los datos personales, liberando de cualquier responsabilidad a Sapere Asesores, S.C. por el contenido de los datos.<\/span><\/p>\n<p><span style=\"font-weight: 400;\">Sus datos personales podr\u00e1n ser utilizados con fines de mercadotecnia, publicidad o prospecci\u00f3n comercial. Usted cuenta con un plazo m\u00e1ximo de cinco d\u00edas h\u00e1biles para que, de ser el caso, manifieste su negativa para el tratamiento de sus datos personales con respecto a estos fines.<\/span><\/p>\n<p><b>Datos personales sensibles<\/b><\/p>\n<p><span style=\"font-weight: 400;\">Hacemos de su conocimiento que para cumplir con las obligaciones asumidas frente a nuestro personal en relaci\u00f3n con la contrataci\u00f3n de seguros de gastos m\u00e9dicos mayores y seguros de vida, en su caso, as\u00ed como para poder cumplir con las obligaciones laborales y administrativas a cargo de Sapere Asesores, S.C.; frente a autoridades migratorias aduaneras podr\u00e1n ser recabados, tratados y transmitidos datos personales sensibles, incluyendo de manera enunciativa y no limitativa aquellos que refieren a: condici\u00f3n f\u00edsica, familiar, estado de salud, discapacidad, fotograf\u00edas y documentos m\u00e9dicos.<\/span><\/p>\n<p><span style=\"font-weight: 400;\">La finalidad del manejo de datos personales se realiza a efecto de capturarlos en la base de datos de Sapere Asesores, S.C., as\u00ed como cumplir con obligaciones a cargo de Sapere Asesores, S.C. de conformidad con las obligaciones vigentes.<\/span><\/p>\n<p><span style=\"font-weight: 400;\">Sus datos personales sensibles ser\u00e1n tratados con las m\u00e1s estrictas medidas de seguridad para garantizar su confidencialidad, de acuerdo con la ley. Su consentimiento en relaci\u00f3n con manejo de estos datos debe ser expreso y por escrito, as\u00ed en raz\u00f3n de dar cabal cumplimiento al art\u00edculo noveno de la Ley, debe expresar el mismo estampando su firma y nombre en el formato que nuestro personal le har\u00e1 entrega en el momento de recabar dichos datos.<\/span><\/p>\n<p><span style=\"font-weight: 400;\">Como titular de los datos personales sensibles, usted es el responsable de garantizar la veracidad y completitud de los datos personales, liberando de cualquier responsabilidad a Sapere Asesores, S.C. por el contenido de los datos.<\/span><\/p>\n<p><b>Limitaci\u00f3n del uso o divulgaci\u00f3n de los datos personales<\/b><\/p>\n<p><span style=\"font-weight: 400;\">En caso de que usted desee manifestar una limitaci\u00f3n al uso o divulgaci\u00f3n de los datos personales proporcionados por usted deber\u00e1 enviar su solicitud por escrito dirigido al \u00e1rea legal, ya sea al domicilio de Sapere Asesores, S.C. o al correo electr\u00f3nico: mauricio.fuentes@saperaude.com, en el cual se especifique lo siguiente:<\/span><\/p>\n<ol style=\"list-style-type: lower-alpha;\">\n<li><span style=\"font-weight: 400;\">Nombre del titular de los datos personales;<\/span><\/li>\n<li><span style=\"font-weight: 400;\">Identificaci\u00f3n del titular de los datos personales;<\/span><\/li>\n<li><span style=\"font-weight: 400;\">Medio de respuesta para comunicarle su solicitud; y<\/span><\/li>\n<li><span style=\"font-weight: 400;\">La descripci\u00f3n clara y precisa de los datos personales respecto de los cuales se solicita la limitaci\u00f3n de uso o divulgaci\u00f3n.<\/span><\/li>\n<\/ol>\n<p><b>Ejercicio de los derechos de acceso, rectificaci\u00f3n, cancelaci\u00f3n y oposici\u00f3n de datos personales (Derechos ARCO)<\/b><\/p>\n<p><span style=\"font-weight: 400;\">El ejercicio de los derechos de acceso, rectificaci\u00f3n, cancelaci\u00f3n y oposici\u00f3n de datos personales, se ejercen a trav\u00e9s de la presentaci\u00f3n de la solicitud respectiva por escrito y en idioma espa\u00f1ol, la cual deber\u00e1 enviarse a la atenci\u00f3n del \u00e1rea de recursos humanos ya sea al domicilio de Sapere Asesores, S.C.; o bien hacerla llegar por correo electr\u00f3nico a la siguiente direcci\u00f3n: mauricio.fuentes@saperaude.com<\/span><\/p>\n<p><span style=\"font-weight: 400;\">La solicitud de ejercicio de los derechos ARCO, deber\u00e1 contener la siguiente informaci\u00f3n:<\/span><\/p>\n<ol style=\"list-style-type: lower-alpha;\">\n<li><span style=\"font-weight: 400;\">Nombre del titular de los datos personales;<\/span><\/li>\n<li><span style=\"font-weight: 400;\">Identificaci\u00f3n del titular de los datos personales;<\/span><\/li>\n<li><span style=\"font-weight: 400;\">Medio de respuesta para comunicarle su solicitud; y <\/span><\/li>\n<li><span style=\"font-weight: 400;\">La descripci\u00f3n clara y precisa de los datos personales respecto de los cuales se solicita la limitaci\u00f3n de uso o divulgaci\u00f3n.<\/span><\/li>\n<\/ol>\n<p><span style=\"font-weight: 400;\">El plazo para atender su solicitud ser\u00e1 en un m\u00e1ximo de veinte d\u00edas contados a partir de la fecha de recepci\u00f3n de su solicitud de acceso, rectificaci\u00f3n, cancelaci\u00f3n u oposici\u00f3n.<\/span><\/p>\n<p><b>Derecho de revocar su consentimiento para el tratamiento de datos<\/b><\/p>\n<p><span style=\"font-weight: 400;\">En todo tiempo usted puede revocar el consentimiento que nos ha entregado para el tratamiento de sus datos personales con el prop\u00f3sito que se deje de hacer uso de los mismos, con las limitaciones que establece la Ley, para ello es necesario que presente su petici\u00f3n con la descripci\u00f3n clara y precisa de los datos personales respecto de los cuales se busca revocar el consentimiento junto con la documentaci\u00f3n e informaci\u00f3n que se indica en la secci\u00f3n de \u201cLimitaci\u00f3n del uso o divulgaci\u00f3n de datos personales\u201d, del presente Aviso de Privacidad.<\/span><\/p>\n<p><span style=\"font-weight: 400;\">Su solicitud deber\u00e1 indicar nombre completo (nombre o nombres y apellido o apellidos) copia simple de su identificaci\u00f3n oficial o, en medios electr\u00f3nicos, versi\u00f3n digitalizada de la misma (escaneo), indicaci\u00f3n del correo electr\u00f3nico o direcci\u00f3n f\u00edsica que designe para notificaciones y alg\u00fan n\u00famero telef\u00f3nico de contacto, as\u00ed como la descripci\u00f3n clara y precisa de los datos personales respecto de los cuales se busca revocar el consentimiento.<\/span><\/p>\n<p><span style=\"font-weight: 400;\">En un t\u00e9rmino de veinte d\u00edas le daremos contestaci\u00f3n sobre la procedencia de esta, por el medio que usted nos haya indicado en la propia solicitud o enviando carta al domicilio f\u00edsico que haya indicado a tales efectos (el plazo se contar\u00e1 de la fecha en que tengamos conocimiento de su solicitud hasta la fecha en que se entregue el documento al servicio postal o sea enviado el correo electr\u00f3nico correspondiente).<\/span><\/p>\n<p><span style=\"font-weight: 400;\">De igual manera se hace de su conocimiento que una vez transcurrido el plazo de dos a\u00f1os contado desde la fecha en que Sapere Asesores, S.C. no requiera su informaci\u00f3n para el cumplimiento de sus obligaciones, respecto de la relaci\u00f3n que la une con usted, Sapere Asesores, S.C. se reserva el derecho de cancelar de su base de datos la informaci\u00f3n que contenga sus datos personales, borr\u00e1ndola de su base de datos y, en su caso, destruir\u00e1 cualquier medio f\u00edsico u electr\u00f3nico que pudiera contenerla.<\/span><\/p>\n<p><b>Transferencia de datos, nacional e internacional<\/b><\/p>\n<p><span style=\"font-weight: 400;\">Sapere Asesores, S.C. no compartir\u00e1 la informaci\u00f3n confidencial que reciba con terceras personas, salvo que se requiera para la prestaci\u00f3n de los servicios que ofrece. Cabe destacar que usted autoriza expresamente a Sapere Asesores, S.C. a transmitir v\u00eda electr\u00f3nica y f\u00edsicamente copia de sus pasaportes, identificaciones oficiales, visas, certificados m\u00e9dicos, condiciones de salud, alergias y todos y cada uno de los documentos requeridos para identificarlo y brindarle servicios a las autoridades migratorias y hacendarias y a cualquier otra autoridad que as\u00ed lo requiera en cualquier momento y de cualquier forma. Sapere Asesores, S.C. transmitir\u00e1 los datos que usted le haya proporcionado o que haya recibido de forma leg\u00edtima, independientemente de la fuente, cuando le sea requerido por orden de autoridad judicial. Al momento de proporcionarle datos personales, incluyendo datos personales sensibles, usted libera a Sapere Asesores, S.C. de cualquier responsabilidad en la que pudiera incurrir por recabar y tratar de transmitir sus datos en cumplimiento de sus obligaciones.<\/span><\/p>\n<p><b>Informaci\u00f3n en Internet<\/b><\/p>\n<p><span style=\"font-weight: 400;\">Hacemos de su conocimiento que cuando usted accede a nuestro Portal en Internet, es recibida por nuestra parte informaci\u00f3n referente a sus cookies y web beacons para obtener informaci\u00f3n como lo es su tipo de navegador y sistema operativo, las p\u00e1ginas de Internet que ha visitado recientemente, los v\u00ednculos que recientemente ha seguido, la direcci\u00f3n IP de su computadora y el sitio que cerro antes de entrar a nuestro portal en Internet.<\/span><\/p>\n<p><span style=\"font-weight: 400;\">La finalidad de la utilizaci\u00f3n de cookies en el sitio web es conocer los h\u00e1bitos de los usuarios del sitio web sin recopilar sus datos personales.<\/span><\/p>\n<p><span style=\"font-weight: 400;\">Usted podr\u00e1 adaptar la configuraci\u00f3n de las cookies, bajo el entendimiento de que su bloqueo podr\u00e1 resultar en el funcionamiento limitado del sitio web, para m\u00e1s informaci\u00f3n podr\u00e1 contactarse a mauricio.fuentes@saperaude.com.<\/span><\/p>\n<p><b>Modificaciones al presente aviso de privacidad<\/b><\/p>\n<p><span style=\"font-weight: 400;\">Sapere Asesores, S.C. se reserva el derecho de efectuar, en cualquier tiempo, modificaciones o actualizaciones al presente aviso de privacidad. Las modificaciones que se efect\u00faen se pondr\u00e1n a disposici\u00f3n del p\u00fablico a trav\u00e9s de los siguientes medios: anuncios visibles en nuestros establecimientos o v\u00eda nuestra p\u00e1gina de internet.<\/span><\/p>\n<p><span style=\"font-weight: 400;\">En caso de no estar de acuerdo con las modificaciones publicadas al aviso de privacidad, las partes deber\u00e1n expresarlo por escrito dirigiendo una carta a mauricio.fuentes@saperaude.com.<\/span><\/p>\n<p><b>Fecha de \u00faltima actualizaci\u00f3n:<\/b><span style=\"font-weight: 400;\"> 9 de Agosto de 2024<\/span><\/p>\n<p>&nbsp;<\/p>\n<\/div><\/div><\/div><\/div><\/div>\n","protected":false},"excerpt":{"rendered":"","protected":false},"author":1,"featured_media":0,"parent":0,"menu_order":0,"comment_status":"closed","ping_status":"open","template":"100-width.php","meta":{"footnotes":""},"class_list":["post-2523","page","type-page","status-publish","hentry"],"yoast_head":"<!-- This site is optimized with the Yoast SEO plugin v27.4 - https:\/\/yoast.com\/product\/yoast-seo-wordpress\/ -->\n<title>Aviso de Privacidad - Saper Aude<\/title>\n<meta name=\"robots\" content=\"index, follow, max-snippet:-1, max-image-preview:large, max-video-preview:-1\" \/>\n<link rel=\"canonical\" href=\"https:\/\/saperaude.com\/es\/aviso-privacidad\/\" \/>\n<meta property=\"og:locale\" content=\"es_MX\" \/>\n<meta property=\"og:type\" content=\"article\" \/>\n<meta property=\"og:title\" content=\"Aviso de Privacidad - Saper Aude\" \/>\n<meta property=\"og:url\" content=\"https:\/\/saperaude.com\/es\/aviso-privacidad\/\" \/>\n<meta property=\"og:site_name\" content=\"Saper Aude\" \/>\n<meta property=\"article:modified_time\" content=\"2024-08-09T19:46:11+00:00\" \/>\n<meta property=\"og:image\" content=\"https:\/\/saperaude.com\/wp-content\/uploads\/social-share.jpg\" \/>\n\t<meta property=\"og:image:width\" content=\"1200\" \/>\n\t<meta property=\"og:image:height\" content=\"628\" \/>\n\t<meta property=\"og:image:type\" content=\"image\/jpeg\" \/>\n<meta name=\"twitter:card\" content=\"summary_large_image\" \/>\n<meta name=\"twitter:label1\" content=\"Tiempo de lectura\" \/>\n\t<meta name=\"twitter:data1\" content=\"8 minutos\" \/>\n<script type=\"application\/ld+json\" class=\"yoast-schema-graph\">{\"@context\":\"https:\\\/\\\/schema.org\",\"@graph\":[{\"@type\":\"WebPage\",\"@id\":\"https:\\\/\\\/saperaude.com\\\/es\\\/aviso-privacidad\\\/\",\"url\":\"https:\\\/\\\/saperaude.com\\\/es\\\/aviso-privacidad\\\/\",\"name\":\"Aviso de Privacidad - Saper Aude\",\"isPartOf\":{\"@id\":\"https:\\\/\\\/saperaude.com\\\/#website\"},\"datePublished\":\"2024-07-19T20:00:30+00:00\",\"dateModified\":\"2024-08-09T19:46:11+00:00\",\"breadcrumb\":{\"@id\":\"https:\\\/\\\/saperaude.com\\\/es\\\/aviso-privacidad\\\/#breadcrumb\"},\"inLanguage\":\"es\",\"potentialAction\":[{\"@type\":\"ReadAction\",\"target\":[\"https:\\\/\\\/saperaude.com\\\/es\\\/aviso-privacidad\\\/\"]}]},{\"@type\":\"BreadcrumbList\",\"@id\":\"https:\\\/\\\/saperaude.com\\\/es\\\/aviso-privacidad\\\/#breadcrumb\",\"itemListElement\":[{\"@type\":\"ListItem\",\"position\":1,\"name\":\"Home\",\"item\":\"https:\\\/\\\/saperaude.com\\\/es\\\/\"},{\"@type\":\"ListItem\",\"position\":2,\"name\":\"Aviso de Privacidad\"}]},{\"@type\":\"WebSite\",\"@id\":\"https:\\\/\\\/saperaude.com\\\/#website\",\"url\":\"https:\\\/\\\/saperaude.com\\\/\",\"name\":\"Saper Aude\",\"description\":\"Advisors\",\"publisher\":{\"@id\":\"https:\\\/\\\/saperaude.com\\\/#organization\"},\"potentialAction\":[{\"@type\":\"SearchAction\",\"target\":{\"@type\":\"EntryPoint\",\"urlTemplate\":\"https:\\\/\\\/saperaude.com\\\/?s={search_term_string}\"},\"query-input\":{\"@type\":\"PropertyValueSpecification\",\"valueRequired\":true,\"valueName\":\"search_term_string\"}}],\"inLanguage\":\"es\"},{\"@type\":\"Organization\",\"@id\":\"https:\\\/\\\/saperaude.com\\\/#organization\",\"name\":\"Saper Aude\",\"url\":\"https:\\\/\\\/saperaude.com\\\/\",\"logo\":{\"@type\":\"ImageObject\",\"inLanguage\":\"es\",\"@id\":\"https:\\\/\\\/saperaude.com\\\/#\\\/schema\\\/logo\\\/image\\\/\",\"url\":\"https:\\\/\\\/saperaude.com\\\/wp-content\\\/uploads\\\/saper-logo.svg\",\"contentUrl\":\"https:\\\/\\\/saperaude.com\\\/wp-content\\\/uploads\\\/saper-logo.svg\",\"width\":1000,\"height\":312,\"caption\":\"Saper Aude\"},\"image\":{\"@id\":\"https:\\\/\\\/saperaude.com\\\/#\\\/schema\\\/logo\\\/image\\\/\"}}]}<\/script>\n<!-- \/ Yoast SEO plugin. -->","yoast_head_json":{"title":"Aviso de Privacidad - Saper Aude","robots":{"index":"index","follow":"follow","max-snippet":"max-snippet:-1","max-image-preview":"max-image-preview:large","max-video-preview":"max-video-preview:-1"},"canonical":"https:\/\/saperaude.com\/es\/aviso-privacidad\/","og_locale":"es_MX","og_type":"article","og_title":"Aviso de Privacidad - Saper Aude","og_url":"https:\/\/saperaude.com\/es\/aviso-privacidad\/","og_site_name":"Saper Aude","article_modified_time":"2024-08-09T19:46:11+00:00","og_image":[{"width":1200,"height":628,"url":"https:\/\/saperaude.com\/wp-content\/uploads\/social-share.jpg","type":"image\/jpeg"}],"twitter_card":"summary_large_image","twitter_misc":{"Tiempo de lectura":"8 minutos"},"schema":{"@context":"https:\/\/schema.org","@graph":[{"@type":"WebPage","@id":"https:\/\/saperaude.com\/es\/aviso-privacidad\/","url":"https:\/\/saperaude.com\/es\/aviso-privacidad\/","name":"Aviso de Privacidad - Saper Aude","isPartOf":{"@id":"https:\/\/saperaude.com\/#website"},"datePublished":"2024-07-19T20:00:30+00:00","dateModified":"2024-08-09T19:46:11+00:00","breadcrumb":{"@id":"https:\/\/saperaude.com\/es\/aviso-privacidad\/#breadcrumb"},"inLanguage":"es","potentialAction":[{"@type":"ReadAction","target":["https:\/\/saperaude.com\/es\/aviso-privacidad\/"]}]},{"@type":"BreadcrumbList","@id":"https:\/\/saperaude.com\/es\/aviso-privacidad\/#breadcrumb","itemListElement":[{"@type":"ListItem","position":1,"name":"Home","item":"https:\/\/saperaude.com\/es\/"},{"@type":"ListItem","position":2,"name":"Aviso de Privacidad"}]},{"@type":"WebSite","@id":"https:\/\/saperaude.com\/#website","url":"https:\/\/saperaude.com\/","name":"Saper Aude","description":"Advisors","publisher":{"@id":"https:\/\/saperaude.com\/#organization"},"potentialAction":[{"@type":"SearchAction","target":{"@type":"EntryPoint","urlTemplate":"https:\/\/saperaude.com\/?s={search_term_string}"},"query-input":{"@type":"PropertyValueSpecification","valueRequired":true,"valueName":"search_term_string"}}],"inLanguage":"es"},{"@type":"Organization","@id":"https:\/\/saperaude.com\/#organization","name":"Saper Aude","url":"https:\/\/saperaude.com\/","logo":{"@type":"ImageObject","inLanguage":"es","@id":"https:\/\/saperaude.com\/#\/schema\/logo\/image\/","url":"https:\/\/saperaude.com\/wp-content\/uploads\/saper-logo.svg","contentUrl":"https:\/\/saperaude.com\/wp-content\/uploads\/saper-logo.svg","width":1000,"height":312,"caption":"Saper Aude"},"image":{"@id":"https:\/\/saperaude.com\/#\/schema\/logo\/image\/"}}]}},"_links":{"self":[{"href":"https:\/\/saperaude.com\/es\/wp-json\/wp\/v2\/pages\/2523","targetHints":{"allow":["GET"]}}],"collection":[{"href":"https:\/\/saperaude.com\/es\/wp-json\/wp\/v2\/pages"}],"about":[{"href":"https:\/\/saperaude.com\/es\/wp-json\/wp\/v2\/types\/page"}],"author":[{"embeddable":true,"href":"https:\/\/saperaude.com\/es\/wp-json\/wp\/v2\/users\/1"}],"replies":[{"embeddable":true,"href":"https:\/\/saperaude.com\/es\/wp-json\/wp\/v2\/comments?post=2523"}],"version-history":[{"count":3,"href":"https:\/\/saperaude.com\/es\/wp-json\/wp\/v2\/pages\/2523\/revisions"}],"predecessor-version":[{"id":2527,"href":"https:\/\/saperaude.com\/es\/wp-json\/wp\/v2\/pages\/2523\/revisions\/2527"}],"wp:attachment":[{"href":"https:\/\/saperaude.com\/es\/wp-json\/wp\/v2\/media?parent=2523"}],"curies":[{"name":"wp","href":"https:\/\/api.w.org\/{rel}","templated":true}]}}